{"id":1081,"date":"2021-06-14T15:22:45","date_gmt":"2021-06-14T15:22:45","guid":{"rendered":"https:\/\/cateringfelix.net\/blog\/"},"modified":"2024-04-16T14:50:12","modified_gmt":"2024-04-16T14:50:12","slug":"blog","status":"publish","type":"page","link":"https:\/\/cateringfelix.net\/ca\/blog\/","title":{"rendered":"Blog"},"content":{"rendered":"<p>[et_pb_section fb_built=&#8221;1&#8243; admin_label=&#8221;Header&#8221; _builder_version=&#8221;4.24.0&#8243; _module_preset=&#8221;default&#8221; use_background_color_gradient=&#8221;on&#8221; background_color_gradient_stops=&#8221;rgba(0,0,0,0.5) 0%|rgba(0,0,0,0.5) 100%&#8221; background_color_gradient_overlays_image=&#8221;on&#8221; background_image=&#8221;https:\/\/cateringfelix.net\/wp-content\/uploads\/2023\/12\/LIFE-FL-Color-324.webp&#8221; parallax=&#8221;on&#8221; max_width=&#8221;100%&#8221; height=&#8221;908px&#8221; max_height=&#8221;1000px&#8221; custom_padding=&#8221;6vw||||false|false&#8221; hover_enabled=&#8221;0&#8243; locked=&#8221;off&#8221; collapsed=&#8221;on&#8221; global_colors_info=&#8221;{}&#8221; title_text=&#8221;LIFE &#8211; F&#038;L &#8211; Color-324&#8243; sticky_enabled=&#8221;0&#8243;][et_pb_row _builder_version=&#8221;4.24.2&#8243; _module_preset=&#8221;default&#8221; width=&#8221;90%&#8221; max_width=&#8221;none&#8221; global_colors_info=&#8221;{}&#8221;][et_pb_column type=&#8221;4_4&#8243; _builder_version=&#8221;4.24.1&#8243; _module_preset=&#8221;default&#8221; global_colors_info=&#8221;{}&#8221;][et_pb_text _builder_version=&#8221;4.24.0&#8243; _module_preset=&#8221;d4d0f820-a393-42af-bdca-5c3fefbd5e3e&#8221; header_text_color=&#8221;#FFFFFF&#8221; header_font_size=&#8221;40px&#8221; text_orientation=&#8221;center&#8221; custom_margin=&#8221;||10px||false|false&#8221; global_colors_info=&#8221;{}&#8221;]<\/p>\n<h1 class=\"et_pb_module_header et-fb-editable-element et-fb-editable-element__editing\" data-shortcode-id=\"0.0-1713191814467\" data-quickaccess-id=\"title\" contenteditable=\"true\">BLOG DE C\u00c0TERING D&#8217;ESDEVENIMENTS<\/h1>\n<p>[\/et_pb_text][et_pb_text quote_border_color=&#8221;#FFFFFF&#8221; _builder_version=&#8221;4.24.0&#8243; _module_preset=&#8221;829915f6-c468-47c8-867f-0abbb97c4ced&#8221; text_text_color=&#8221;#FFFFFF&#8221; link_text_color=&#8221;#FFFFFF&#8221; quote_text_color=&#8221;#FFFFFF&#8221; text_orientation=&#8221;center&#8221; max_width=&#8221;900px&#8221; module_alignment=&#8221;center&#8221; global_colors_info=&#8221;{}&#8221;]<\/p>\n<p>En aquest bloc trobareu consells, detalls de convidats, prove\u00efdors, com organitzar-la, el <a href=\"\/ca\/catering-de-bodes-a-tarragona\/\">c\u00e0tering de boda<\/a>, etc. Tot el que cal saber per crear el teu casament perfecte. Des del nostre <a href=\"\/ca\/\">c\u00e0tering de bodes i esdeveniments a Tarragon<\/a>a t&#8217;ajudem en all\u00f2 que necessitis.<\/p>\n<p>[\/et_pb_text][et_pb_button button_text=&#8221;Contactar&#8221; button_alignment=&#8221;center&#8221; _builder_version=&#8221;4.24.0&#8243; _module_preset=&#8221;1baf2e01-91f4-4d9b-acc5-be7c9d96633a&#8221; hover_enabled=&#8221;0&#8243; locked=&#8221;off&#8221; global_colors_info=&#8221;{}&#8221; button_url=&#8221;https:\/\/cateringfelix.net\/ca\/contacte\/&#8221; sticky_enabled=&#8221;0&#8243;][\/et_pb_button][\/et_pb_column][\/et_pb_row][\/et_pb_section][et_pb_section fb_built=&#8221;1&#8243; admin_label=&#8221;Blog Section&#8221; _builder_version=&#8221;4.16&#8243; global_colors_info=&#8221;{}&#8221;][et_pb_row _builder_version=&#8221;4.16&#8243; global_colors_info=&#8221;{}&#8221;][et_pb_column type=&#8221;4_4&#8243; _builder_version=&#8221;4.16&#8243; custom_padding=&#8221;|||&#8221; global_colors_info=&#8221;{}&#8221; custom_padding__hover=&#8221;|||&#8221;][et_pb_blog posts_number=&#8221;1&#8243; include_categories=&#8221;73&#8243; show_more=&#8221;on&#8221; show_author=&#8221;off&#8221; show_date=&#8221;off&#8221; show_categories=&#8221;off&#8221; show_pagination=&#8221;off&#8221; _builder_version=&#8221;4.16&#8243; header_level=&#8221;h4&#8243; header_font=&#8221;Abril Fatface||||||||&#8221; header_font_size=&#8221;24px&#8221; header_line_height=&#8221;1.2em&#8221; body_font=&#8221;||||||||&#8221; body_font_size=&#8221;16px&#8221; body_line_height=&#8221;2em&#8221; meta_font=&#8221;Cabin||||||||&#8221; meta_text_color=&#8221;#ff6d4a&#8221; meta_line_height=&#8221;2em&#8221; read_more_font=&#8221;|700|||||||&#8221; read_more_text_color=&#8221;#5F4B8B&#8221; pagination_font=&#8221;||||||||&#8221; header_font_size_tablet=&#8221;&#8221; header_font_size_phone=&#8221;20px&#8221; header_font_size_last_edited=&#8221;on|desktop&#8221; global_colors_info=&#8221;{}&#8221;][\/et_pb_blog][et_pb_blog fullwidth=&#8221;off&#8221; posts_number=&#8221;6&#8243; include_categories=&#8221;all&#8221; show_more=&#8221;on&#8221; show_author=&#8221;off&#8221; show_date=&#8221;off&#8221; show_categories=&#8221;off&#8221; offset_number=&#8221;1&#8243; _builder_version=&#8221;4.22.1&#8243; header_level=&#8221;h4&#8243; header_font=&#8221;Abril Fatface||||||||&#8221; header_font_size=&#8221;24px&#8221; header_line_height=&#8221;1.2em&#8221; body_font=&#8221;||||||||&#8221; body_line_height=&#8221;2em&#8221; meta_font=&#8221;Cabin||||||||&#8221; meta_text_color=&#8221;#ff6d4a&#8221; meta_line_height=&#8221;2em&#8221; read_more_font=&#8221;|700|||||||&#8221; read_more_font_size=&#8221;15px&#8221; pagination_font=&#8221;Abril Fatface||||||||&#8221; pagination_text_color=&#8221;#000000&#8243; pagination_font_size=&#8221;16px&#8221; header_font_size_tablet=&#8221;&#8221; header_font_size_phone=&#8221;20px&#8221; header_font_size_last_edited=&#8221;on|desktop&#8221; border_width_all=&#8221;0px&#8221; global_colors_info=&#8221;{}&#8221;][\/et_pb_blog][et_pb_sidebar orientation=&#8221;right&#8221; area=&#8221;sidebar-1&#8243; show_border=&#8221;off&#8221; _builder_version=&#8221;4.16&#8243; header_font=&#8221;Abril Fatface||||||||&#8221; header_font_size=&#8221;20px&#8221; header_line_height=&#8221;1.2em&#8221; body_font=&#8221;||||||||&#8221; body_font_size=&#8221;14px&#8221; body_line_height=&#8221;2em&#8221; global_colors_info=&#8221;{}&#8221;][\/et_pb_sidebar][\/et_pb_column][\/et_pb_row][\/et_pb_section]<\/p>\n","protected":false},"excerpt":{"rendered":"<p>BLOG DE C\u00c0TERING D&#8217;ESDEVENIMENTSEn aquest bloc trobareu consells, detalls de convidats, prove\u00efdors, com organitzar-la, el c\u00e0tering de boda, etc. Tot el que cal saber per crear el teu casament perfecte. Des del nostre c\u00e0tering de bodes i esdeveniments a Tarragona t&#8217;ajudem en all\u00f2 que necessitis.<\/p>\n","protected":false},"author":3,"featured_media":1278,"parent":0,"menu_order":0,"comment_status":"closed","ping_status":"closed","template":"","meta":{"_et_pb_use_builder":"on","_et_pb_old_content":"","_et_gb_content_width":"","_joinchat":[],"footnotes":""},"class_list":["post-1081","page","type-page","status-publish","has-post-thumbnail","hentry"],"yoast_head":"<!-- This site is optimized with the Yoast SEO plugin v25.0 - https:\/\/yoast.com\/wordpress\/plugins\/seo\/ -->\n<title>El Blog de F\u00e8lix C\u00e0tering | Tot sobre bodes \ud83d\udc8d - F\u00e8lix Catering<\/title>\n<meta name=\"description\" content=\"Al blog de F\u00e8lix C\u00e0tering trobar\u00e0s tot all\u00f2 important sobre les bodes: prove\u00efdors, detalls, consells... perqu\u00e8 el teu dia sigui perfecte \u2728\" \/>\n<meta name=\"robots\" content=\"index, follow, max-snippet:-1, max-image-preview:large, max-video-preview:-1\" \/>\n<link rel=\"canonical\" href=\"https:\/\/cateringfelix.net\/ca\/blog\/\" \/>\n<meta property=\"og:locale\" content=\"ca_ES\" \/>\n<meta property=\"og:type\" content=\"article\" \/>\n<meta property=\"og:title\" content=\"El Blog de F\u00e8lix C\u00e0tering | Tot sobre bodes \ud83d\udc8d - F\u00e8lix Catering\" \/>\n<meta property=\"og:description\" content=\"Al blog de F\u00e8lix C\u00e0tering trobar\u00e0s tot all\u00f2 important sobre les bodes: prove\u00efdors, detalls, consells... perqu\u00e8 el teu dia sigui perfecte \u2728\" \/>\n<meta property=\"og:url\" content=\"https:\/\/cateringfelix.net\/ca\/blog\/\" \/>\n<meta property=\"og:site_name\" content=\"F\u00e8lix Catering\" \/>\n<meta property=\"article:modified_time\" content=\"2024-04-16T14:50:12+00:00\" \/>\n<meta property=\"og:image\" content=\"https:\/\/cateringfelix.net\/wp-content\/uploads\/2022\/03\/DSC07064.jpg\" \/>\n\t<meta property=\"og:image:width\" content=\"1080\" \/>\n\t<meta property=\"og:image:height\" content=\"720\" \/>\n\t<meta property=\"og:image:type\" content=\"image\/jpeg\" \/>\n<meta name=\"twitter:card\" content=\"summary_large_image\" \/>\n<meta name=\"twitter:label1\" content=\"Temps estimat de lectura\" \/>\n\t<meta name=\"twitter:data1\" content=\"1 minut\" \/>\n<script type=\"application\/ld+json\" class=\"yoast-schema-graph\">{\"@context\":\"https:\/\/schema.org\",\"@graph\":[{\"@type\":\"WebPage\",\"@id\":\"https:\/\/cateringfelix.net\/ca\/blog\/\",\"url\":\"https:\/\/cateringfelix.net\/ca\/blog\/\",\"name\":\"El Blog de F\u00e8lix C\u00e0tering | Tot sobre bodes \ud83d\udc8d - F\u00e8lix Catering\",\"isPartOf\":{\"@id\":\"https:\/\/cateringfelix.net\/ca\/#website\"},\"primaryImageOfPage\":{\"@id\":\"https:\/\/cateringfelix.net\/ca\/blog\/#primaryimage\"},\"image\":{\"@id\":\"https:\/\/cateringfelix.net\/ca\/blog\/#primaryimage\"},\"thumbnailUrl\":\"https:\/\/cateringfelix.net\/wp-content\/uploads\/2022\/03\/DSC07064.jpg\",\"datePublished\":\"2021-06-14T15:22:45+00:00\",\"dateModified\":\"2024-04-16T14:50:12+00:00\",\"description\":\"Al blog de F\u00e8lix C\u00e0tering trobar\u00e0s tot all\u00f2 important sobre les bodes: prove\u00efdors, detalls, consells... perqu\u00e8 el teu dia sigui perfecte \u2728\",\"breadcrumb\":{\"@id\":\"https:\/\/cateringfelix.net\/ca\/blog\/#breadcrumb\"},\"inLanguage\":\"ca\",\"potentialAction\":[{\"@type\":\"ReadAction\",\"target\":[\"https:\/\/cateringfelix.net\/ca\/blog\/\"]}]},{\"@type\":\"ImageObject\",\"inLanguage\":\"ca\",\"@id\":\"https:\/\/cateringfelix.net\/ca\/blog\/#primaryimage\",\"url\":\"https:\/\/cateringfelix.net\/wp-content\/uploads\/2022\/03\/DSC07064.jpg\",\"contentUrl\":\"https:\/\/cateringfelix.net\/wp-content\/uploads\/2022\/03\/DSC07064.jpg\",\"width\":1080,\"height\":720,\"caption\":\"detalls de boda\"},{\"@type\":\"BreadcrumbList\",\"@id\":\"https:\/\/cateringfelix.net\/ca\/blog\/#breadcrumb\",\"itemListElement\":[{\"@type\":\"ListItem\",\"position\":1,\"name\":\"Portada\",\"item\":\"https:\/\/cateringfelix.net\/ca\/\"},{\"@type\":\"ListItem\",\"position\":2,\"name\":\"Blog\"}]},{\"@type\":\"WebSite\",\"@id\":\"https:\/\/cateringfelix.net\/ca\/#website\",\"url\":\"https:\/\/cateringfelix.net\/ca\/\",\"name\":\"F\u00e8lix Catering\",\"description\":\"C\u00c1TERING &amp; EVENTS\",\"potentialAction\":[{\"@type\":\"SearchAction\",\"target\":{\"@type\":\"EntryPoint\",\"urlTemplate\":\"https:\/\/cateringfelix.net\/ca\/?s={search_term_string}\"},\"query-input\":{\"@type\":\"PropertyValueSpecification\",\"valueRequired\":true,\"valueName\":\"search_term_string\"}}],\"inLanguage\":\"ca\"}]}<\/script>\n<!-- \/ Yoast SEO plugin. -->","yoast_head_json":{"title":"El Blog de F\u00e8lix C\u00e0tering | Tot sobre bodes \ud83d\udc8d - F\u00e8lix Catering","description":"Al blog de F\u00e8lix C\u00e0tering trobar\u00e0s tot all\u00f2 important sobre les bodes: prove\u00efdors, detalls, consells... perqu\u00e8 el teu dia sigui perfecte \u2728","robots":{"index":"index","follow":"follow","max-snippet":"max-snippet:-1","max-image-preview":"max-image-preview:large","max-video-preview":"max-video-preview:-1"},"canonical":"https:\/\/cateringfelix.net\/ca\/blog\/","og_locale":"ca_ES","og_type":"article","og_title":"El Blog de F\u00e8lix C\u00e0tering | Tot sobre bodes \ud83d\udc8d - F\u00e8lix Catering","og_description":"Al blog de F\u00e8lix C\u00e0tering trobar\u00e0s tot all\u00f2 important sobre les bodes: prove\u00efdors, detalls, consells... perqu\u00e8 el teu dia sigui perfecte \u2728","og_url":"https:\/\/cateringfelix.net\/ca\/blog\/","og_site_name":"F\u00e8lix Catering","article_modified_time":"2024-04-16T14:50:12+00:00","og_image":[{"width":1080,"height":720,"url":"https:\/\/cateringfelix.net\/wp-content\/uploads\/2022\/03\/DSC07064.jpg","type":"image\/jpeg"}],"twitter_card":"summary_large_image","twitter_misc":{"Temps estimat de lectura":"1 minut"},"schema":{"@context":"https:\/\/schema.org","@graph":[{"@type":"WebPage","@id":"https:\/\/cateringfelix.net\/ca\/blog\/","url":"https:\/\/cateringfelix.net\/ca\/blog\/","name":"El Blog de F\u00e8lix C\u00e0tering | Tot sobre bodes \ud83d\udc8d - F\u00e8lix Catering","isPartOf":{"@id":"https:\/\/cateringfelix.net\/ca\/#website"},"primaryImageOfPage":{"@id":"https:\/\/cateringfelix.net\/ca\/blog\/#primaryimage"},"image":{"@id":"https:\/\/cateringfelix.net\/ca\/blog\/#primaryimage"},"thumbnailUrl":"https:\/\/cateringfelix.net\/wp-content\/uploads\/2022\/03\/DSC07064.jpg","datePublished":"2021-06-14T15:22:45+00:00","dateModified":"2024-04-16T14:50:12+00:00","description":"Al blog de F\u00e8lix C\u00e0tering trobar\u00e0s tot all\u00f2 important sobre les bodes: prove\u00efdors, detalls, consells... perqu\u00e8 el teu dia sigui perfecte \u2728","breadcrumb":{"@id":"https:\/\/cateringfelix.net\/ca\/blog\/#breadcrumb"},"inLanguage":"ca","potentialAction":[{"@type":"ReadAction","target":["https:\/\/cateringfelix.net\/ca\/blog\/"]}]},{"@type":"ImageObject","inLanguage":"ca","@id":"https:\/\/cateringfelix.net\/ca\/blog\/#primaryimage","url":"https:\/\/cateringfelix.net\/wp-content\/uploads\/2022\/03\/DSC07064.jpg","contentUrl":"https:\/\/cateringfelix.net\/wp-content\/uploads\/2022\/03\/DSC07064.jpg","width":1080,"height":720,"caption":"detalls de boda"},{"@type":"BreadcrumbList","@id":"https:\/\/cateringfelix.net\/ca\/blog\/#breadcrumb","itemListElement":[{"@type":"ListItem","position":1,"name":"Portada","item":"https:\/\/cateringfelix.net\/ca\/"},{"@type":"ListItem","position":2,"name":"Blog"}]},{"@type":"WebSite","@id":"https:\/\/cateringfelix.net\/ca\/#website","url":"https:\/\/cateringfelix.net\/ca\/","name":"F\u00e8lix Catering","description":"C\u00c1TERING &amp; EVENTS","potentialAction":[{"@type":"SearchAction","target":{"@type":"EntryPoint","urlTemplate":"https:\/\/cateringfelix.net\/ca\/?s={search_term_string}"},"query-input":{"@type":"PropertyValueSpecification","valueRequired":true,"valueName":"search_term_string"}}],"inLanguage":"ca"}]}},"_links":{"self":[{"href":"https:\/\/cateringfelix.net\/ca\/wp-json\/wp\/v2\/pages\/1081","targetHints":{"allow":["GET"]}}],"collection":[{"href":"https:\/\/cateringfelix.net\/ca\/wp-json\/wp\/v2\/pages"}],"about":[{"href":"https:\/\/cateringfelix.net\/ca\/wp-json\/wp\/v2\/types\/page"}],"author":[{"embeddable":true,"href":"https:\/\/cateringfelix.net\/ca\/wp-json\/wp\/v2\/users\/3"}],"replies":[{"embeddable":true,"href":"https:\/\/cateringfelix.net\/ca\/wp-json\/wp\/v2\/comments?post=1081"}],"version-history":[{"count":0,"href":"https:\/\/cateringfelix.net\/ca\/wp-json\/wp\/v2\/pages\/1081\/revisions"}],"wp:featuredmedia":[{"embeddable":true,"href":"https:\/\/cateringfelix.net\/ca\/wp-json\/wp\/v2\/media\/1278"}],"wp:attachment":[{"href":"https:\/\/cateringfelix.net\/ca\/wp-json\/wp\/v2\/media?parent=1081"}],"curies":[{"name":"wp","href":"https:\/\/api.w.org\/{rel}","templated":true}]}}